{"id":339,"date":"2023-08-22T22:19:59","date_gmt":"2023-08-22T20:19:59","guid":{"rendered":"http:\/\/vinyle-store.fr\/wordpress\/?page_id=339"},"modified":"2023-08-22T22:25:38","modified_gmt":"2023-08-22T20:25:38","slug":"le-lexique-du-vinyle","status":"publish","type":"page","link":"http:\/\/vinyle-store.fr\/wordpress\/le-lexique-du-vinyle\/","title":{"rendered":"Le lexique du vinyle"},"content":{"rendered":"\n<p><strong>Near Mint \/ NM<\/strong>\u00a0: Le disque est neuf, encore emball\u00e9 et en parfait \u00e9tat.<br><strong>Very Good Plus (VG+)<\/strong>\u00a0: Tr\u00e8s l\u00e9gers d\u00e9fauts sur le disque et la pochette, comptez environ 50 \u00e0 60% de la cote.<br><strong>Very Good (VG)<\/strong>\u00a0: Etat dans l\u2019ensemble inf\u00e9rieur \u00e0 VG+. La lecture est tr\u00e8s bonne et aucun d\u00e9faut majeur n\u2019est visible. 30 \u00e0 60% de la cote.<br><strong>Very Good Minus (VG-)<\/strong>\u00a0: Un peu moins bon que VG, les coins sont peut-\u00eatre corn\u00e9s et la tranche ab\u00eem\u00e9e. L\u2019\u00e9coute est bonne. 15 \u00e0 20% de la cote.<br><strong>Good (G)<\/strong>\u00a0: Le disque craque ou est sale et la pochette est us\u00e9e, t\u00e2ch\u00e9e ou comporte le nom du propri\u00e9taire. Comptez 10% de la valeur.<br><strong>Fair (F)<\/strong>\u00a0ou\u00a0<strong>Poor (P)<\/strong>\u00a0: Le disque et la pochette sont en mauvais \u00e9tat. Sauf si vous ne pouvez pas vivre sans, n\u2019achetez pas ce disque.<\/p>\n\n\n\n<h1 class=\"has-large-font-size wp-block-heading\">Vinyle 180 grammes<\/h1>\n\n\n\n<p><strong>un vinyle 180 grammes est un disque vinyle qui comme son nom l\u2019indique p\u00e8se 180 grammes (uniquement le vinyle), par opposition aux disques vinyles \u00ab&nbsp;traditionnels&nbsp;\u00bb dont le poids se situent en g\u00e9n\u00e9ral aux alentours de 120 ou 130 grammes.<\/strong><\/p>\n\n\n\n<figure class=\"wp-block-image\" id=\"attachment_13593\"><img decoding=\"async\" src=\"https:\/\/www.vinyle-actu.fr\/wp-content\/uploads\/2018\/12\/sticker-vinyle-180-grammes.jpg\" alt=\"\" class=\"wp-image-13593\"\/><\/figure>\n\n\n\n<h1 class=\"has-large-font-size wp-block-heading\">Qu\u2019est-ce qu\u2019un double LP ?<\/h1>\n\n\n\n<p><strong>Un double LP est simplement un album 33 tours qui a \u00e9t\u00e9 r\u00e9parti sur deux vinyles. Une moiti\u00e9 de l\u2019album se trouve sur le premier vinyle, et la seconde moiti\u00e9 de l\u2019album se trouve sur le second vinyle. Il existe \u00e9galement des triples vinyles, voire plus.<\/strong><\/p>\n\n\n\n<h1 class=\"has-large-font-size wp-block-heading\">Gatefold (pochette ouvrante)<\/h1>\n\n\n\n<p><br><strong>Un vinyle gatefold est un vinyle dont la pochette est une pochette ouvrante, par opposition \u00e0 une pochette standard.<\/strong><br>La pochette gatefold \u00e9tait tr\u00e8s populaire dans les ann\u00e9es 70, puis un peu moins dans les ann\u00e9es 80 et 90.&nbsp;Elle n\u2019est pas la norme aujourd\u2019hui non plus, soyons clairs, mais reste tout de m\u00eame assez courante dans les pressages vinyles actuels.<\/p>\n\n\n\n<h1 class=\"wp-block-heading\">Master (original master, original master tape)<\/h1>\n\n\n\n<p><strong>Dans le monde du vinyle, le master est la bande ou le fichier final qui va \u00eatre press\u00e9 sur le vinyle<\/strong>.<\/p>\n\n\n\n<p>Un master peut \u00eatre analogique ou digital, et est le fruit du travail de l\u2019ing\u00e9nieur en mastering, qui va r\u00e9aliser ce master \u00e0 partir des enregistrements studio re\u00e7us.<\/p>\n\n\n\n<p>On parle de&nbsp;<strong>master original<\/strong>&nbsp;lorsque le master utilis\u00e9 pour represser un vinyle est identique \u00e0 celui qui a servi \u00e0 presser la premi\u00e8re \u00e9dition de l\u2019album. <\/p>\n\n\n\n<h1 class=\"wp-block-heading\">OG (original, pressage original)<\/h1>\n\n\n\n<p><em><strong>\u00ab&nbsp;T\u2019as r\u00e9ussi \u00e0 chopper un OG ?? Bien jou\u00e9 !&nbsp;\u00bb<\/strong><\/em><\/p>\n\n\n\n<p><strong>Dans le monde du vinyle, OG est un acronyme utilis\u00e9 pour d\u00e9signer le pressage original d\u2019un album<\/strong>. On parle \u00e9galement souvent de&nbsp;<strong>first press,<\/strong>p<strong>remier pressage&nbsp;<\/strong>ou&nbsp;<strong>premi\u00e8re presse<\/strong>.<\/p>\n\n\n\n<h1 class=\"wp-block-heading\">Picture Disc<\/h1>\n\n\n\n<figure class=\"wp-block-image\"><img decoding=\"async\" src=\"https:\/\/www.vinyle-actu.fr\/wp-content\/uploads\/2021\/02\/ffs6em08eiw21.jpg\" alt=\"collection de picture discs\"\/><\/figure>\n\n\n\n<p><strong>Un picture disc est un disque vinyle dont la surface est recouverte d\u2019une image ou d\u2019une illustration. Pris\u00e9 principalement pour son c\u00f4t\u00e9 esth\u00e9tique, le picture disc a un son en g\u00e9n\u00e9ral moins bon qu\u2019un vinyle standard.<\/strong><\/p>\n\n\n\n<h1 class=\"wp-block-heading\">Pressage d\u2019\u00e9poque<\/h1>\n\n\n\n<p>Le terme de pressage d\u2019\u00e9poque d\u00e9signe la version vinyle d\u2019un album, qui a \u00e9t\u00e9 press\u00e9e au moment de la sortie de l\u2019album. Il peut s\u2019agir d\u2019un&nbsp;pressage original&nbsp;ou d\u2019un&nbsp;repress.<\/p>\n\n\n\n<h1 class=\"wp-block-heading\">Repress<\/h1>\n\n\n\n<p>Par opposition au&nbsp;pressage original, un repress est un pressage plus r\u00e9cent que le pressage original. Un repress est donc stricto sensu toute version d\u2019un album vinyle qui n\u2019est pas le pressage original.&nbsp;<\/p>\n\n\n\n<p>Il est en g\u00e9n\u00e9ral commun\u00e9ment accept\u00e9 qu\u2019un repress diff\u00e8re soit par sa matrice, soit par son label central, soit par des cr\u00e9dits sur sa pochette. Il est souvent press\u00e9 au cours d\u2019une ann\u00e9e diff\u00e9rente de celle du pressage original, mais pas toujours.&nbsp;<\/p>\n\n\n\n<p>Petit rappel, la notion de pressage original peut \u00eatre abord\u00e9e de plusieurs mani\u00e8res diff\u00e9rentes, plus ou moins restrictives ou inclusives. Il ne faut par exemple pas confondre le pressage original stricto sensu avec ce qui est commun\u00e9ment appel\u00e9 le&nbsp;pressage d\u2019\u00e9poque, qui lui est assez large, incluant toutes les versions d\u2019un album press\u00e9es \u00e0 l\u2019\u00e9poque de sa sortie.<\/p>\n","protected":false},"excerpt":{"rendered":"<p>Near Mint \/ NM\u00a0: Le disque est neuf, encore emball\u00e9 et en parfait \u00e9tat.Very Good Plus (VG+)\u00a0: Tr\u00e8s l\u00e9gers d\u00e9fauts sur le disque et la pochette, comptez environ 50 \u00e0 60% de la cote.Very Good (VG)\u00a0: Etat dans l\u2019ensemble inf\u00e9rieur \u00e0 VG+. La lecture est tr\u00e8s bonne et aucun d\u00e9faut majeur n\u2019est visible. 30 \u00e0 [&hellip;]<\/p>\n","protected":false},"author":1,"featured_media":0,"parent":0,"menu_order":0,"comment_status":"closed","ping_status":"closed","template":"","meta":{"footnotes":""},"class_list":["post-339","page","type-page","status-publish","hentry"],"_links":{"self":[{"href":"http:\/\/vinyle-store.fr\/wordpress\/wp-json\/wp\/v2\/pages\/339","targetHints":{"allow":["GET"]}}],"collection":[{"href":"http:\/\/vinyle-store.fr\/wordpress\/wp-json\/wp\/v2\/pages"}],"about":[{"href":"http:\/\/vinyle-store.fr\/wordpress\/wp-json\/wp\/v2\/types\/page"}],"author":[{"embeddable":true,"href":"http:\/\/vinyle-store.fr\/wordpress\/wp-json\/wp\/v2\/users\/1"}],"replies":[{"embeddable":true,"href":"http:\/\/vinyle-store.fr\/wordpress\/wp-json\/wp\/v2\/comments?post=339"}],"version-history":[{"count":2,"href":"http:\/\/vinyle-store.fr\/wordpress\/wp-json\/wp\/v2\/pages\/339\/revisions"}],"predecessor-version":[{"id":342,"href":"http:\/\/vinyle-store.fr\/wordpress\/wp-json\/wp\/v2\/pages\/339\/revisions\/342"}],"wp:attachment":[{"href":"http:\/\/vinyle-store.fr\/wordpress\/wp-json\/wp\/v2\/media?parent=339"}],"curies":[{"name":"wp","href":"https:\/\/api.w.org\/{rel}","templated":true}]}}